{"id":84,"date":"2018-02-20T16:48:16","date_gmt":"2018-02-20T16:48:16","guid":{"rendered":"http:\/\/pfingstrock.de\/wordpress\/?page_id=84"},"modified":"2026-03-13T06:44:33","modified_gmt":"2026-03-13T06:44:33","slug":"line-up","status":"publish","type":"page","link":"https:\/\/pfingstrock.de\/wordpress\/line-up\/","title":{"rendered":"Lineup 2026"},"content":{"rendered":"\n<p>Weitere K\u00fcnstler werden St\u00fcck f\u00fcr St\u00fcck hier ver\u00f6ffentlicht.<\/p>\n\n\n\n<h2 class=\"wp-block-heading\">Blackout Problems<\/h2>\n\n\n\n<figure class=\"wp-block-embed is-type-video is-provider-youtube wp-block-embed-youtube\"><div class=\"wp-block-embed__wrapper\">\n<iframe loading=\"lazy\" title=\"BLACKOUT PROBLEMS - MURDERER LIVE AT GREEN JUICE FESTIVAL 2025 (OFFICIAL LIVE VIDEO)\" width=\"920\" height=\"518\" src=\"https:\/\/www.youtube.com\/embed\/s_2zc0-k-4g?feature=oembed\" frameborder=\"0\" allow=\"accelerometer; autoplay; clipboard-write; encrypted-media; gyroscope; picture-in-picture; web-share\" referrerpolicy=\"strict-origin-when-cross-origin\" allowfullscreen><\/iframe>\n<\/div><\/figure>\n\n\n\n<figure class=\"wp-block-embed is-type-video is-provider-youtube wp-block-embed-youtube\"><div class=\"wp-block-embed__wrapper\">\n<iframe loading=\"lazy\" title=\"BLACKOUT PROBLEMS - FUNERAL LIVE IN MUNICH AT MUFFATHALLE (OFFICIAL VIDEO FROM THE RIOT TOUR 2024)\" width=\"920\" height=\"518\" src=\"https:\/\/www.youtube.com\/embed\/rLy60HhZz2w?feature=oembed\" frameborder=\"0\" allow=\"accelerometer; autoplay; clipboard-write; encrypted-media; gyroscope; picture-in-picture; web-share\" referrerpolicy=\"strict-origin-when-cross-origin\" allowfullscreen><\/iframe>\n<\/div><\/figure>\n\n\n\n<h2 class=\"wp-block-heading\"><strong>RAZZ<\/strong><\/h2>\n\n\n\n<figure class=\"wp-block-embed is-type-video is-provider-youtube wp-block-embed-youtube\"><div class=\"wp-block-embed__wrapper\">\n<iframe loading=\"lazy\" title=\"RAZZ - Youth &amp; Enjoyment (Official Video)\" width=\"920\" height=\"518\" src=\"https:\/\/www.youtube.com\/embed\/SHbGSoQy1I8?feature=oembed\" frameborder=\"0\" allow=\"accelerometer; autoplay; clipboard-write; encrypted-media; gyroscope; picture-in-picture; web-share\" referrerpolicy=\"strict-origin-when-cross-origin\" allowfullscreen><\/iframe>\n<\/div><\/figure>\n\n\n\n<figure class=\"wp-block-embed is-type-video is-provider-youtube wp-block-embed-youtube\"><div class=\"wp-block-embed__wrapper\">\n<iframe loading=\"lazy\" title=\"Razz - Turning Shadows (Official Video)\" width=\"920\" height=\"518\" src=\"https:\/\/www.youtube.com\/embed\/aQKdLaiSz9U?feature=oembed\" frameborder=\"0\" allow=\"accelerometer; autoplay; clipboard-write; encrypted-media; gyroscope; picture-in-picture; web-share\" referrerpolicy=\"strict-origin-when-cross-origin\" allowfullscreen><\/iframe>\n<\/div><\/figure>\n\n\n\n<h2 class=\"wp-block-heading\">Mich\u00e8l von Wussov<\/h2>\n\n\n\n<details class=\"wp-block-details is-layout-flow wp-block-details-is-layout-flow\"><summary><\/summary>\n<figure class=\"wp-block-embed is-type-video is-provider-youtube wp-block-embed-youtube\"><div class=\"wp-block-embed__wrapper\">\n<iframe loading=\"lazy\" title=\"Mich\u00e8l von Wussow - Narbenherz (Inas Nacht)\" width=\"920\" height=\"518\" src=\"https:\/\/www.youtube.com\/embed\/KL3YGn1CM7E?feature=oembed\" frameborder=\"0\" allow=\"accelerometer; autoplay; clipboard-write; encrypted-media; gyroscope; picture-in-picture; web-share\" referrerpolicy=\"strict-origin-when-cross-origin\" allowfullscreen><\/iframe>\n<\/div><\/figure>\n<\/details>\n\n\n\n<figure class=\"wp-block-embed is-type-video is-provider-youtube wp-block-embed-youtube\"><div class=\"wp-block-embed__wrapper\">\n<iframe loading=\"lazy\" title=\"Mich\u00e8l von Wussow - Atmen (Hausboot Session)\" width=\"920\" height=\"690\" src=\"https:\/\/www.youtube.com\/embed\/L0EjZD5kiMg?feature=oembed\" frameborder=\"0\" allow=\"accelerometer; autoplay; clipboard-write; encrypted-media; gyroscope; picture-in-picture; web-share\" referrerpolicy=\"strict-origin-when-cross-origin\" allowfullscreen><\/iframe>\n<\/div><\/figure>\n\n\n\n<h2 class=\"wp-block-heading\">Agatha is Dead!<\/h2>\n\n\n\n<figure class=\"wp-block-embed is-type-video is-provider-youtube wp-block-embed-youtube\"><div class=\"wp-block-embed__wrapper\">\n<iframe loading=\"lazy\" title=\"order - Agatha is Dead! (Official Music Video)\" width=\"920\" height=\"518\" src=\"https:\/\/www.youtube.com\/embed\/t367lpH3S6k?feature=oembed\" frameborder=\"0\" allow=\"accelerometer; autoplay; clipboard-write; encrypted-media; gyroscope; picture-in-picture; web-share\" referrerpolicy=\"strict-origin-when-cross-origin\" allowfullscreen><\/iframe>\n<\/div><\/figure>\n\n\n\n<figure class=\"wp-block-embed is-type-video is-provider-youtube wp-block-embed-youtube\"><div class=\"wp-block-embed__wrapper\">\n<iframe loading=\"lazy\" title=\"no love to prove - Agatha is Dead!\" width=\"920\" height=\"518\" src=\"https:\/\/www.youtube.com\/embed\/MD52MMps3qc?feature=oembed\" frameborder=\"0\" allow=\"accelerometer; autoplay; clipboard-write; encrypted-media; gyroscope; picture-in-picture; web-share\" referrerpolicy=\"strict-origin-when-cross-origin\" allowfullscreen><\/iframe>\n<\/div><\/figure>\n\n\n\n<h2 class=\"wp-block-heading\">Rowli<\/h2>\n\n\n\n<figure class=\"wp-block-embed is-type-video is-provider-youtube wp-block-embed-youtube\"><div class=\"wp-block-embed__wrapper\">\n<iframe loading=\"lazy\" title=\"Rowli - Dieser Sommer (prod. Jonas Mengler)\" width=\"920\" height=\"518\" src=\"https:\/\/www.youtube.com\/embed\/EQ395JIkZRM?feature=oembed\" frameborder=\"0\" allow=\"accelerometer; autoplay; clipboard-write; encrypted-media; gyroscope; picture-in-picture; web-share\" referrerpolicy=\"strict-origin-when-cross-origin\" allowfullscreen><\/iframe>\n<\/div><\/figure>\n\n\n\n<figure class=\"wp-block-embed is-type-video is-provider-youtube wp-block-embed-youtube\"><div class=\"wp-block-embed__wrapper\">\n<iframe loading=\"lazy\" title=\"Rowli - Wie du (prod. Joschka Bender)\" width=\"920\" height=\"518\" src=\"https:\/\/www.youtube.com\/embed\/wcvw-V3QGeY?feature=oembed\" frameborder=\"0\" allow=\"accelerometer; autoplay; clipboard-write; encrypted-media; gyroscope; picture-in-picture; web-share\" referrerpolicy=\"strict-origin-when-cross-origin\" allowfullscreen><\/iframe>\n<\/div><\/figure>\n\n\n\n<h2 class=\"wp-block-heading\">SPYRES<\/h2>\n\n\n\n<figure class=\"wp-block-embed is-type-video is-provider-youtube wp-block-embed-youtube\"><div class=\"wp-block-embed__wrapper\">\n<iframe loading=\"lazy\" title=\"Spyres - Money (Official)\" width=\"920\" height=\"518\" src=\"https:\/\/www.youtube.com\/embed\/GnlHdJyyXyA?feature=oembed\" frameborder=\"0\" allow=\"accelerometer; autoplay; clipboard-write; encrypted-media; gyroscope; picture-in-picture; web-share\" referrerpolicy=\"strict-origin-when-cross-origin\" allowfullscreen><\/iframe>\n<\/div><\/figure>\n\n\n\n<figure class=\"wp-block-embed is-type-video is-provider-youtube wp-block-embed-youtube\"><div class=\"wp-block-embed__wrapper\">\n<iframe loading=\"lazy\" title=\"Spyres - Otherside (Lyric Video)\" width=\"920\" height=\"518\" src=\"https:\/\/www.youtube.com\/embed\/ybA7JxsFcKc?feature=oembed\" frameborder=\"0\" allow=\"accelerometer; autoplay; clipboard-write; encrypted-media; gyroscope; picture-in-picture; web-share\" referrerpolicy=\"strict-origin-when-cross-origin\" allowfullscreen><\/iframe>\n<\/div><\/figure>\n\n\n\n<h2 class=\"wp-block-heading\">Moonkid \u263e<\/h2>\n\n\n\n<figure class=\"wp-block-embed is-type-video is-provider-youtube wp-block-embed-youtube\"><div class=\"wp-block-embed__wrapper\">\n<iframe loading=\"lazy\" title=\"Moonkid \u263e - LABOE (Live Session)\" width=\"920\" height=\"518\" src=\"https:\/\/www.youtube.com\/embed\/8Om8AFqxXKA?feature=oembed\" frameborder=\"0\" allow=\"accelerometer; autoplay; clipboard-write; encrypted-media; gyroscope; picture-in-picture; web-share\" referrerpolicy=\"strict-origin-when-cross-origin\" allowfullscreen><\/iframe>\n<\/div><\/figure>\n\n\n\n<figure class=\"wp-block-embed is-type-video is-provider-youtube wp-block-embed-youtube\"><div class=\"wp-block-embed__wrapper\">\n<iframe loading=\"lazy\" title=\"Moonkid - tear me apart (Official Video)\" width=\"920\" height=\"690\" src=\"https:\/\/www.youtube.com\/embed\/G-dOJg5LxfY?feature=oembed\" frameborder=\"0\" allow=\"accelerometer; autoplay; clipboard-write; encrypted-media; gyroscope; picture-in-picture; web-share\" referrerpolicy=\"strict-origin-when-cross-origin\" allowfullscreen><\/iframe>\n<\/div><\/figure>\n","protected":false},"excerpt":{"rendered":"<p>Weitere K\u00fcnstler werden St\u00fcck f\u00fcr St\u00fcck hier ver\u00f6ffentlicht. Blackout Problems RAZZ Mich\u00e8l von Wussov Agatha is Dead! Rowli SPYRES Moonkid \u263e<\/p>\n","protected":false},"author":1,"featured_media":0,"parent":0,"menu_order":0,"comment_status":"closed","ping_status":"closed","template":"templates\/no-sidebar.php","meta":{"footnotes":""},"class_list":["post-84","page","type-page","status-publish","hentry"],"yoast_head":"<!-- This site is optimized with the Yoast SEO plugin v27.4 - https:\/\/yoast.com\/product\/yoast-seo-wordpress\/ -->\n<title>Lineup 2026 - Pfingstrock Festival 2026<\/title>\n<meta name=\"robots\" content=\"index, follow, max-snippet:-1, max-image-preview:large, max-video-preview:-1\" \/>\n<link rel=\"canonical\" href=\"https:\/\/pfingstrock.de\/wordpress\/line-up\/\" \/>\n<meta property=\"og:locale\" content=\"en_US\" \/>\n<meta property=\"og:type\" content=\"article\" \/>\n<meta property=\"og:title\" content=\"Lineup 2026 - Pfingstrock Festival 2026\" \/>\n<meta property=\"og:description\" content=\"Weitere K\u00fcnstler werden St\u00fcck f\u00fcr St\u00fcck hier ver\u00f6ffentlicht. Blackout Problems RAZZ Mich\u00e8l von Wussov Agatha is Dead! Rowli SPYRES Moonkid \u263e\" \/>\n<meta property=\"og:url\" content=\"https:\/\/pfingstrock.de\/wordpress\/line-up\/\" \/>\n<meta property=\"og:site_name\" content=\"Pfingstrock Festival 2026\" \/>\n<meta property=\"article:publisher\" content=\"https:\/\/www.facebook.com\/events\/170368760206672\/?ti=cl\" \/>\n<meta property=\"article:modified_time\" content=\"2026-03-13T06:44:33+00:00\" \/>\n<meta name=\"twitter:card\" content=\"summary_large_image\" \/>\n<meta name=\"twitter:label1\" content=\"Est. reading time\" \/>\n\t<meta name=\"twitter:data1\" content=\"1 minute\" \/>\n<script type=\"application\/ld+json\" class=\"yoast-schema-graph\">{\"@context\":\"https:\\\/\\\/schema.org\",\"@graph\":[{\"@type\":\"WebPage\",\"@id\":\"https:\\\/\\\/pfingstrock.de\\\/wordpress\\\/line-up\\\/\",\"url\":\"https:\\\/\\\/pfingstrock.de\\\/wordpress\\\/line-up\\\/\",\"name\":\"Lineup 2026 - Pfingstrock Festival 2026\",\"isPartOf\":{\"@id\":\"https:\\\/\\\/pfingstrock.de\\\/wordpress\\\/#website\"},\"datePublished\":\"2018-02-20T16:48:16+00:00\",\"dateModified\":\"2026-03-13T06:44:33+00:00\",\"breadcrumb\":{\"@id\":\"https:\\\/\\\/pfingstrock.de\\\/wordpress\\\/line-up\\\/#breadcrumb\"},\"inLanguage\":\"en-US\",\"potentialAction\":[{\"@type\":\"ReadAction\",\"target\":[\"https:\\\/\\\/pfingstrock.de\\\/wordpress\\\/line-up\\\/\"]}]},{\"@type\":\"BreadcrumbList\",\"@id\":\"https:\\\/\\\/pfingstrock.de\\\/wordpress\\\/line-up\\\/#breadcrumb\",\"itemListElement\":[{\"@type\":\"ListItem\",\"position\":1,\"name\":\"Startseite\",\"item\":\"https:\\\/\\\/pfingstrock.de\\\/wordpress\\\/\"},{\"@type\":\"ListItem\",\"position\":2,\"name\":\"Lineup 2026\"}]},{\"@type\":\"WebSite\",\"@id\":\"https:\\\/\\\/pfingstrock.de\\\/wordpress\\\/#website\",\"url\":\"https:\\\/\\\/pfingstrock.de\\\/wordpress\\\/\",\"name\":\"Pfingstrock Open Air 2019\",\"description\":\"23.05. \\\/ 24.05.2026 - Botanischer Garten Herzberg\",\"publisher\":{\"@id\":\"https:\\\/\\\/pfingstrock.de\\\/wordpress\\\/#organization\"},\"potentialAction\":[{\"@type\":\"SearchAction\",\"target\":{\"@type\":\"EntryPoint\",\"urlTemplate\":\"https:\\\/\\\/pfingstrock.de\\\/wordpress\\\/?s={search_term_string}\"},\"query-input\":{\"@type\":\"PropertyValueSpecification\",\"valueRequired\":true,\"valueName\":\"search_term_string\"}}],\"inLanguage\":\"en-US\"},{\"@type\":\"Organization\",\"@id\":\"https:\\\/\\\/pfingstrock.de\\\/wordpress\\\/#organization\",\"name\":\"Pfingstrock Open Air 2019\",\"url\":\"https:\\\/\\\/pfingstrock.de\\\/wordpress\\\/\",\"logo\":{\"@type\":\"ImageObject\",\"inLanguage\":\"en-US\",\"@id\":\"https:\\\/\\\/pfingstrock.de\\\/wordpress\\\/#\\\/schema\\\/logo\\\/image\\\/\",\"url\":\"https:\\\/\\\/pfingstrock.de\\\/wordpress\\\/wp-content\\\/uploads\\\/2018\\\/03\\\/Pfingstrock_logo_weiss.png\",\"contentUrl\":\"https:\\\/\\\/pfingstrock.de\\\/wordpress\\\/wp-content\\\/uploads\\\/2018\\\/03\\\/Pfingstrock_logo_weiss.png\",\"width\":800,\"height\":79,\"caption\":\"Pfingstrock Open Air 2019\"},\"image\":{\"@id\":\"https:\\\/\\\/pfingstrock.de\\\/wordpress\\\/#\\\/schema\\\/logo\\\/image\\\/\"},\"sameAs\":[\"https:\\\/\\\/www.facebook.com\\\/events\\\/170368760206672\\\/?ti=cl\"]}]}<\/script>\n<!-- \/ Yoast SEO plugin. -->","yoast_head_json":{"title":"Lineup 2026 - Pfingstrock Festival 2026","robots":{"index":"index","follow":"follow","max-snippet":"max-snippet:-1","max-image-preview":"max-image-preview:large","max-video-preview":"max-video-preview:-1"},"canonical":"https:\/\/pfingstrock.de\/wordpress\/line-up\/","og_locale":"en_US","og_type":"article","og_title":"Lineup 2026 - Pfingstrock Festival 2026","og_description":"Weitere K\u00fcnstler werden St\u00fcck f\u00fcr St\u00fcck hier ver\u00f6ffentlicht. Blackout Problems RAZZ Mich\u00e8l von Wussov Agatha is Dead! Rowli SPYRES Moonkid \u263e","og_url":"https:\/\/pfingstrock.de\/wordpress\/line-up\/","og_site_name":"Pfingstrock Festival 2026","article_publisher":"https:\/\/www.facebook.com\/events\/170368760206672\/?ti=cl","article_modified_time":"2026-03-13T06:44:33+00:00","twitter_card":"summary_large_image","twitter_misc":{"Est. reading time":"1 minute"},"schema":{"@context":"https:\/\/schema.org","@graph":[{"@type":"WebPage","@id":"https:\/\/pfingstrock.de\/wordpress\/line-up\/","url":"https:\/\/pfingstrock.de\/wordpress\/line-up\/","name":"Lineup 2026 - Pfingstrock Festival 2026","isPartOf":{"@id":"https:\/\/pfingstrock.de\/wordpress\/#website"},"datePublished":"2018-02-20T16:48:16+00:00","dateModified":"2026-03-13T06:44:33+00:00","breadcrumb":{"@id":"https:\/\/pfingstrock.de\/wordpress\/line-up\/#breadcrumb"},"inLanguage":"en-US","potentialAction":[{"@type":"ReadAction","target":["https:\/\/pfingstrock.de\/wordpress\/line-up\/"]}]},{"@type":"BreadcrumbList","@id":"https:\/\/pfingstrock.de\/wordpress\/line-up\/#breadcrumb","itemListElement":[{"@type":"ListItem","position":1,"name":"Startseite","item":"https:\/\/pfingstrock.de\/wordpress\/"},{"@type":"ListItem","position":2,"name":"Lineup 2026"}]},{"@type":"WebSite","@id":"https:\/\/pfingstrock.de\/wordpress\/#website","url":"https:\/\/pfingstrock.de\/wordpress\/","name":"Pfingstrock Open Air 2019","description":"23.05. \/ 24.05.2026 - Botanischer Garten Herzberg","publisher":{"@id":"https:\/\/pfingstrock.de\/wordpress\/#organization"},"potentialAction":[{"@type":"SearchAction","target":{"@type":"EntryPoint","urlTemplate":"https:\/\/pfingstrock.de\/wordpress\/?s={search_term_string}"},"query-input":{"@type":"PropertyValueSpecification","valueRequired":true,"valueName":"search_term_string"}}],"inLanguage":"en-US"},{"@type":"Organization","@id":"https:\/\/pfingstrock.de\/wordpress\/#organization","name":"Pfingstrock Open Air 2019","url":"https:\/\/pfingstrock.de\/wordpress\/","logo":{"@type":"ImageObject","inLanguage":"en-US","@id":"https:\/\/pfingstrock.de\/wordpress\/#\/schema\/logo\/image\/","url":"https:\/\/pfingstrock.de\/wordpress\/wp-content\/uploads\/2018\/03\/Pfingstrock_logo_weiss.png","contentUrl":"https:\/\/pfingstrock.de\/wordpress\/wp-content\/uploads\/2018\/03\/Pfingstrock_logo_weiss.png","width":800,"height":79,"caption":"Pfingstrock Open Air 2019"},"image":{"@id":"https:\/\/pfingstrock.de\/wordpress\/#\/schema\/logo\/image\/"},"sameAs":["https:\/\/www.facebook.com\/events\/170368760206672\/?ti=cl"]}]}},"_links":{"self":[{"href":"https:\/\/pfingstrock.de\/wordpress\/wp-json\/wp\/v2\/pages\/84","targetHints":{"allow":["GET"]}}],"collection":[{"href":"https:\/\/pfingstrock.de\/wordpress\/wp-json\/wp\/v2\/pages"}],"about":[{"href":"https:\/\/pfingstrock.de\/wordpress\/wp-json\/wp\/v2\/types\/page"}],"author":[{"embeddable":true,"href":"https:\/\/pfingstrock.de\/wordpress\/wp-json\/wp\/v2\/users\/1"}],"replies":[{"embeddable":true,"href":"https:\/\/pfingstrock.de\/wordpress\/wp-json\/wp\/v2\/comments?post=84"}],"version-history":[{"count":134,"href":"https:\/\/pfingstrock.de\/wordpress\/wp-json\/wp\/v2\/pages\/84\/revisions"}],"predecessor-version":[{"id":1903,"href":"https:\/\/pfingstrock.de\/wordpress\/wp-json\/wp\/v2\/pages\/84\/revisions\/1903"}],"wp:attachment":[{"href":"https:\/\/pfingstrock.de\/wordpress\/wp-json\/wp\/v2\/media?parent=84"}],"curies":[{"name":"wp","href":"https:\/\/api.w.org\/{rel}","templated":true}]}}