{"id":87,"date":"2018-02-20T16:55:04","date_gmt":"2018-02-20T16:55:04","guid":{"rendered":"http:\/\/pfingstrock.de\/wordpress\/?page_id=87"},"modified":"2025-06-04T05:32:23","modified_gmt":"2025-06-04T05:32:23","slug":"infos","status":"publish","type":"page","link":"https:\/\/pfingstrock.de\/wordpress\/infos\/","title":{"rendered":"Infos"},"content":{"rendered":"<h6><span style=\"color: #cc99ff;\"><b style=\"font-size: 1.635rem;\">Was:<\/b><\/span><\/h6>\n<div>\n<div>PFINGSTROCK Festival<\/div>\n<div>Botanischer Garten, 04916 Herzberg(Elster)<\/div>\n<div>7.06 -8.06.2025<\/div>\n<\/div>\n<h4><span style=\"color: #cc99ff;\"><b>Wer sind wir?<\/b><\/span><\/h4>\n<div>\n<h6>Die Veranstaltung ist ehrenamtlich im Verein (Botanikrocker e.V.) organisiert und existiert seit inzwischen 13 Jahren. Gegr\u00fcndet wurde sie vom damaligen Stadtg\u00e4rtner Reinhard Straach. Ziel ist es, ein kleines St\u00fcck gro\u00dfer Kultur aufs Land zu holen. Seit vielen Jahren ist radioeins vom RBB Medienpartner. Ort des Geschehens ist der wundersch\u00f6ne botanische Garten im Herzen der Stadt Herzberg (Elster). Die Kapazit\u00e4t liegt bei ca. 1000 Leuten, was die Veranstaltung zu einem einmaligem, intimen Erlebnis macht. Hier spielen hei\u00dfe Newcomer, alte Hasen und auch schon mal Grammy Preistr\u00e4ger.<\/h6>\n<h4><span style=\"color: #cc99ff;\"><b>Wer war schon da?<\/b><\/span><\/h4>\n<h6>Fantastic Negrito (USA),\u00a0Brutus (BEL),\u00a0Thees Uhlmann (DE), Tr\u00e4nen (DE), Granada (AUT), ENNIO (DE), KASI (De), LEAP (UK), Paula Carolina (DE), Milliarden (DE), PABST(DE), Radio Havanna(DE), Enno Bunger (DE),\u00a0 The Brew (UK), Danny Bryant (UK), Andreas K\u00fcmmert (DE), Jan Plewka (DE), Another Sky (UK), Kapelle Petra (DE), Tanga Elektra (DE), Berge (DE), Lynn Koch Emmery (SWE), Kicker Dibs (DE), Loose Lips (DE), Soeckers (DE), Schnipo Schranke (DE), Pretty Vicious (UK), The Fronteers (UK), Kilminister (DE), Kornblumenblau (DE), Adam Wendler (CAN), Sector 5 (DE), Karla(DE) u.v.m.<\/h6>\n<\/div>\n<h2><span style=\"color: #cc99ff;\"><strong>Parken \/ Camping:<\/strong><\/span><\/h2>\n<ul>\n<li><a href=\"http:\/\/bit.ly\/2YmVxtT\">kostenfreies Parken (100m vom Gel\u00e4nde)<\/a><\/li>\n<li><a href=\"http:\/\/bit.ly\/2YmVxtT\">Campen mit Zelt, Wohnmobil oder Auto mit Campingticket inklusive freiem Eintritt ins Freibad, warmen Duschen und richtigen Toiletten mit g\u00fcnstigem Campingticket<\/a><\/li>\n<li>\n<h6>Campingplatz ab Samstag 15.00 Uhr ge\u00f6ffnet<\/h6>\n<\/li>\n<li>\n<h6>Fr\u00fchst\u00fcck (Rockst\u00fcck mit Kaffeeflat f\u00fcr 20\u20ac das WE) von 9.00.Uhr bis 11.00 Uhr bei &#8220;<a href=\"https:\/\/maps.app.goo.gl\/srxXAhzVojebgANw6\">Der Brotgraf<\/a>&#8221; &#8211; Tickets Online\u00a0<\/h6>\n<\/li>\n<\/ul>\n<h2><span style=\"color: #cc99ff;\">Ticketinfos:<\/span><\/h2>\n<h6><a href=\"https:\/\/tickets.infield.live\/event\/pfingstrock-festival-2025-h8qe68\">Tickets gibt es hier<\/a><\/h6>\n<h6><em>Kinder unter 12 Jahren haben in Begleitung Erwachsener mit Ticket freien Eintritt.<\/em><\/h6>\n<h2><span style=\"color: #cc99ff;\">Adresse:<\/span><\/h2>\n<h6>Botanischer Garten, Badstra\u00dfe 8, 04916 Herzberg (Elster)<\/h6>\n\n\n<p><\/p>\n","protected":false},"excerpt":{"rendered":"<p>Was: PFINGSTROCK Festival Botanischer Garten, 04916 Herzberg(Elster) 7.06 -8.06.2025 Wer sind wir? Die Veranstaltung ist ehrenamtlich im Verein (Botanikrocker e.V.) organisiert und existiert seit inzwischen 13 Jahren. Gegr\u00fcndet wurde sie<\/p>\n<p class=\"more-link\"><a href=\"https:\/\/pfingstrock.de\/wordpress\/infos\/\" class=\"readmore\">Continue reading<span class=\"screen-reader-text\">Infos<\/span><\/a><\/p>\n","protected":false},"author":1,"featured_media":0,"parent":0,"menu_order":0,"comment_status":"closed","ping_status":"closed","template":"","meta":{"footnotes":""},"class_list":["post-87","page","type-page","status-publish","hentry"],"yoast_head":"<!-- This site is optimized with the Yoast SEO plugin v27.4 - https:\/\/yoast.com\/product\/yoast-seo-wordpress\/ -->\n<title>Infos - Pfingstrock Festival 2026<\/title>\n<meta name=\"robots\" content=\"index, follow, max-snippet:-1, max-image-preview:large, max-video-preview:-1\" \/>\n<link rel=\"canonical\" href=\"https:\/\/pfingstrock.de\/wordpress\/infos\/\" \/>\n<meta property=\"og:locale\" content=\"en_US\" \/>\n<meta property=\"og:type\" content=\"article\" \/>\n<meta property=\"og:title\" content=\"Infos - Pfingstrock Festival 2026\" \/>\n<meta property=\"og:description\" content=\"Was: PFINGSTROCK Festival Botanischer Garten, 04916 Herzberg(Elster) 7.06 -8.06.2025 Wer sind wir? Die Veranstaltung ist ehrenamtlich im Verein (Botanikrocker e.V.) organisiert und existiert seit inzwischen 13 Jahren. Gegr\u00fcndet wurde sieContinue readingInfos\" \/>\n<meta property=\"og:url\" content=\"https:\/\/pfingstrock.de\/wordpress\/infos\/\" \/>\n<meta property=\"og:site_name\" content=\"Pfingstrock Festival 2026\" \/>\n<meta property=\"article:publisher\" content=\"https:\/\/www.facebook.com\/events\/170368760206672\/?ti=cl\" \/>\n<meta property=\"article:modified_time\" content=\"2025-06-04T05:32:23+00:00\" \/>\n<meta name=\"twitter:card\" content=\"summary_large_image\" \/>\n<meta name=\"twitter:label1\" content=\"Est. reading time\" \/>\n\t<meta name=\"twitter:data1\" content=\"2 minutes\" \/>\n<script type=\"application\/ld+json\" class=\"yoast-schema-graph\">{\"@context\":\"https:\\\/\\\/schema.org\",\"@graph\":[{\"@type\":\"WebPage\",\"@id\":\"https:\\\/\\\/pfingstrock.de\\\/wordpress\\\/infos\\\/\",\"url\":\"https:\\\/\\\/pfingstrock.de\\\/wordpress\\\/infos\\\/\",\"name\":\"Infos - Pfingstrock Festival 2026\",\"isPartOf\":{\"@id\":\"https:\\\/\\\/pfingstrock.de\\\/wordpress\\\/#website\"},\"datePublished\":\"2018-02-20T16:55:04+00:00\",\"dateModified\":\"2025-06-04T05:32:23+00:00\",\"breadcrumb\":{\"@id\":\"https:\\\/\\\/pfingstrock.de\\\/wordpress\\\/infos\\\/#breadcrumb\"},\"inLanguage\":\"en-US\",\"potentialAction\":[{\"@type\":\"ReadAction\",\"target\":[\"https:\\\/\\\/pfingstrock.de\\\/wordpress\\\/infos\\\/\"]}]},{\"@type\":\"BreadcrumbList\",\"@id\":\"https:\\\/\\\/pfingstrock.de\\\/wordpress\\\/infos\\\/#breadcrumb\",\"itemListElement\":[{\"@type\":\"ListItem\",\"position\":1,\"name\":\"Startseite\",\"item\":\"https:\\\/\\\/pfingstrock.de\\\/wordpress\\\/\"},{\"@type\":\"ListItem\",\"position\":2,\"name\":\"Infos\"}]},{\"@type\":\"WebSite\",\"@id\":\"https:\\\/\\\/pfingstrock.de\\\/wordpress\\\/#website\",\"url\":\"https:\\\/\\\/pfingstrock.de\\\/wordpress\\\/\",\"name\":\"Pfingstrock Open Air 2019\",\"description\":\"23.05. \\\/ 24.05.2026 - Botanischer Garten Herzberg\",\"publisher\":{\"@id\":\"https:\\\/\\\/pfingstrock.de\\\/wordpress\\\/#organization\"},\"potentialAction\":[{\"@type\":\"SearchAction\",\"target\":{\"@type\":\"EntryPoint\",\"urlTemplate\":\"https:\\\/\\\/pfingstrock.de\\\/wordpress\\\/?s={search_term_string}\"},\"query-input\":{\"@type\":\"PropertyValueSpecification\",\"valueRequired\":true,\"valueName\":\"search_term_string\"}}],\"inLanguage\":\"en-US\"},{\"@type\":\"Organization\",\"@id\":\"https:\\\/\\\/pfingstrock.de\\\/wordpress\\\/#organization\",\"name\":\"Pfingstrock Open Air 2019\",\"url\":\"https:\\\/\\\/pfingstrock.de\\\/wordpress\\\/\",\"logo\":{\"@type\":\"ImageObject\",\"inLanguage\":\"en-US\",\"@id\":\"https:\\\/\\\/pfingstrock.de\\\/wordpress\\\/#\\\/schema\\\/logo\\\/image\\\/\",\"url\":\"https:\\\/\\\/pfingstrock.de\\\/wordpress\\\/wp-content\\\/uploads\\\/2018\\\/03\\\/Pfingstrock_logo_weiss.png\",\"contentUrl\":\"https:\\\/\\\/pfingstrock.de\\\/wordpress\\\/wp-content\\\/uploads\\\/2018\\\/03\\\/Pfingstrock_logo_weiss.png\",\"width\":800,\"height\":79,\"caption\":\"Pfingstrock Open Air 2019\"},\"image\":{\"@id\":\"https:\\\/\\\/pfingstrock.de\\\/wordpress\\\/#\\\/schema\\\/logo\\\/image\\\/\"},\"sameAs\":[\"https:\\\/\\\/www.facebook.com\\\/events\\\/170368760206672\\\/?ti=cl\"]}]}<\/script>\n<!-- \/ Yoast SEO plugin. -->","yoast_head_json":{"title":"Infos - Pfingstrock Festival 2026","robots":{"index":"index","follow":"follow","max-snippet":"max-snippet:-1","max-image-preview":"max-image-preview:large","max-video-preview":"max-video-preview:-1"},"canonical":"https:\/\/pfingstrock.de\/wordpress\/infos\/","og_locale":"en_US","og_type":"article","og_title":"Infos - Pfingstrock Festival 2026","og_description":"Was: PFINGSTROCK Festival Botanischer Garten, 04916 Herzberg(Elster) 7.06 -8.06.2025 Wer sind wir? Die Veranstaltung ist ehrenamtlich im Verein (Botanikrocker e.V.) organisiert und existiert seit inzwischen 13 Jahren. Gegr\u00fcndet wurde sieContinue readingInfos","og_url":"https:\/\/pfingstrock.de\/wordpress\/infos\/","og_site_name":"Pfingstrock Festival 2026","article_publisher":"https:\/\/www.facebook.com\/events\/170368760206672\/?ti=cl","article_modified_time":"2025-06-04T05:32:23+00:00","twitter_card":"summary_large_image","twitter_misc":{"Est. reading time":"2 minutes"},"schema":{"@context":"https:\/\/schema.org","@graph":[{"@type":"WebPage","@id":"https:\/\/pfingstrock.de\/wordpress\/infos\/","url":"https:\/\/pfingstrock.de\/wordpress\/infos\/","name":"Infos - Pfingstrock Festival 2026","isPartOf":{"@id":"https:\/\/pfingstrock.de\/wordpress\/#website"},"datePublished":"2018-02-20T16:55:04+00:00","dateModified":"2025-06-04T05:32:23+00:00","breadcrumb":{"@id":"https:\/\/pfingstrock.de\/wordpress\/infos\/#breadcrumb"},"inLanguage":"en-US","potentialAction":[{"@type":"ReadAction","target":["https:\/\/pfingstrock.de\/wordpress\/infos\/"]}]},{"@type":"BreadcrumbList","@id":"https:\/\/pfingstrock.de\/wordpress\/infos\/#breadcrumb","itemListElement":[{"@type":"ListItem","position":1,"name":"Startseite","item":"https:\/\/pfingstrock.de\/wordpress\/"},{"@type":"ListItem","position":2,"name":"Infos"}]},{"@type":"WebSite","@id":"https:\/\/pfingstrock.de\/wordpress\/#website","url":"https:\/\/pfingstrock.de\/wordpress\/","name":"Pfingstrock Open Air 2019","description":"23.05. \/ 24.05.2026 - Botanischer Garten Herzberg","publisher":{"@id":"https:\/\/pfingstrock.de\/wordpress\/#organization"},"potentialAction":[{"@type":"SearchAction","target":{"@type":"EntryPoint","urlTemplate":"https:\/\/pfingstrock.de\/wordpress\/?s={search_term_string}"},"query-input":{"@type":"PropertyValueSpecification","valueRequired":true,"valueName":"search_term_string"}}],"inLanguage":"en-US"},{"@type":"Organization","@id":"https:\/\/pfingstrock.de\/wordpress\/#organization","name":"Pfingstrock Open Air 2019","url":"https:\/\/pfingstrock.de\/wordpress\/","logo":{"@type":"ImageObject","inLanguage":"en-US","@id":"https:\/\/pfingstrock.de\/wordpress\/#\/schema\/logo\/image\/","url":"https:\/\/pfingstrock.de\/wordpress\/wp-content\/uploads\/2018\/03\/Pfingstrock_logo_weiss.png","contentUrl":"https:\/\/pfingstrock.de\/wordpress\/wp-content\/uploads\/2018\/03\/Pfingstrock_logo_weiss.png","width":800,"height":79,"caption":"Pfingstrock Open Air 2019"},"image":{"@id":"https:\/\/pfingstrock.de\/wordpress\/#\/schema\/logo\/image\/"},"sameAs":["https:\/\/www.facebook.com\/events\/170368760206672\/?ti=cl"]}]}},"_links":{"self":[{"href":"https:\/\/pfingstrock.de\/wordpress\/wp-json\/wp\/v2\/pages\/87","targetHints":{"allow":["GET"]}}],"collection":[{"href":"https:\/\/pfingstrock.de\/wordpress\/wp-json\/wp\/v2\/pages"}],"about":[{"href":"https:\/\/pfingstrock.de\/wordpress\/wp-json\/wp\/v2\/types\/page"}],"author":[{"embeddable":true,"href":"https:\/\/pfingstrock.de\/wordpress\/wp-json\/wp\/v2\/users\/1"}],"replies":[{"embeddable":true,"href":"https:\/\/pfingstrock.de\/wordpress\/wp-json\/wp\/v2\/comments?post=87"}],"version-history":[{"count":30,"href":"https:\/\/pfingstrock.de\/wordpress\/wp-json\/wp\/v2\/pages\/87\/revisions"}],"predecessor-version":[{"id":1760,"href":"https:\/\/pfingstrock.de\/wordpress\/wp-json\/wp\/v2\/pages\/87\/revisions\/1760"}],"wp:attachment":[{"href":"https:\/\/pfingstrock.de\/wordpress\/wp-json\/wp\/v2\/media?parent=87"}],"curies":[{"name":"wp","href":"https:\/\/api.w.org\/{rel}","templated":true}]}}